{"id":1012,"date":"2025-03-26T17:19:26","date_gmt":"2025-03-26T17:19:26","guid":{"rendered":"https:\/\/themuxic.com\/?page_id=1012"},"modified":"2025-03-28T17:29:01","modified_gmt":"2025-03-28T17:29:01","slug":"politica-de-privacidad","status":"publish","type":"page","link":"https:\/\/themuxic.com\/en\/politica-de-privacidad\/","title":{"rendered":"Pol\u00edtica de Privacidad"},"content":{"rendered":"<div data-elementor-type=\"wp-page\" data-elementor-id=\"1012\" class=\"elementor elementor-1012\" data-elementor-post-type=\"page\">\n\t\t\t\t\t\t<section class=\"elementor-section elementor-top-section elementor-element elementor-element-2f49c7b elementor-section-boxed elementor-section-height-default elementor-section-height-default wpr-particle-no wpr-jarallax-no wpr-parallax-no wpr-sticky-section-no\" data-id=\"2f49c7b\" data-element_type=\"section\">\n\t\t\t\t\t\t<div class=\"elementor-container elementor-column-gap-default\">\n\t\t\t\t\t<div class=\"elementor-column elementor-col-100 elementor-top-column elementor-element elementor-element-70380c6\" data-id=\"70380c6\" data-element_type=\"column\">\n\t\t\t<div class=\"elementor-widget-wrap elementor-element-populated\">\n\t\t\t\t\t\t<div class=\"elementor-element elementor-element-76aa00a elementor-widget elementor-widget-heading\" data-id=\"76aa00a\" data-element_type=\"widget\" data-widget_type=\"heading.default\">\n\t\t\t\t<div class=\"elementor-widget-container\">\n\t\t\t\t\t<h1 class=\"elementor-heading-title elementor-size-default\">Privacy policy\n<\/h1>\t\t\t\t<\/div>\n\t\t\t\t<\/div>\n\t\t\t\t\t<\/div>\n\t\t<\/div>\n\t\t\t\t\t<\/div>\n\t\t<\/section>\n\t\t\t\t<section class=\"elementor-section elementor-top-section elementor-element elementor-element-b852507 elementor-section-boxed elementor-section-height-default elementor-section-height-default wpr-particle-no wpr-jarallax-no wpr-parallax-no wpr-sticky-section-no\" data-id=\"b852507\" data-element_type=\"section\">\n\t\t\t\t\t\t<div class=\"elementor-container elementor-column-gap-default\">\n\t\t\t\t\t<div class=\"elementor-column elementor-col-100 elementor-top-column elementor-element elementor-element-a3ea5a0\" data-id=\"a3ea5a0\" data-element_type=\"column\">\n\t\t\t<div class=\"elementor-widget-wrap elementor-element-populated\">\n\t\t\t\t\t\t<div class=\"elementor-element elementor-element-3ba2d28 elementor-widget elementor-widget-heading\" data-id=\"3ba2d28\" data-element_type=\"widget\" data-widget_type=\"heading.default\">\n\t\t\t\t<div class=\"elementor-widget-container\">\n\t\t\t\t\t<h2 class=\"elementor-heading-title elementor-size-default\">DATOS DEL RESPONSABLE DEL FICHERO\n<\/h2>\t\t\t\t<\/div>\n\t\t\t\t<\/div>\n\t\t\t\t<div class=\"elementor-element elementor-element-68ec842 elementor-widget elementor-widget-text-editor\" data-id=\"68ec842\" data-element_type=\"widget\" data-widget_type=\"text-editor.default\">\n\t\t\t\t<div class=\"elementor-widget-container\">\n\t\t\t\t\t\t\t\t\t<ul class=\"mt-2 mb-4\"><li><span class=\"font-weight-bold\">Identidad:<\/span>\u00a0THE MUXIC EXCHANGE, S.L. (\u00abTHE MUXIC\u00bb)<\/li><li>NIF: B-72951346<\/li><li>Direcci\u00f3n: C\/Neptuno, 29, 28224 Pozuelo de Alarc\u00f3n, Madrid<\/li><li>Correo electr\u00f3nico:\u00a0<a href=\"mailto:info@themuxic.com\">info@themuxic.com<\/a><\/li><\/ul>\t\t\t\t\t\t\t\t<\/div>\n\t\t\t\t<\/div>\n\t\t\t\t<div class=\"elementor-element elementor-element-8a10be2 elementor-widget elementor-widget-heading\" data-id=\"8a10be2\" data-element_type=\"widget\" data-widget_type=\"heading.default\">\n\t\t\t\t<div class=\"elementor-widget-container\">\n\t\t\t\t\t<h2 class=\"elementor-heading-title elementor-size-default\">1. Finalidades del tratamiento<\/h2>\t\t\t\t<\/div>\n\t\t\t\t<\/div>\n\t\t\t\t<div class=\"elementor-element elementor-element-540249f elementor-widget elementor-widget-text-editor\" data-id=\"540249f\" data-element_type=\"widget\" data-widget_type=\"text-editor.default\">\n\t\t\t\t<div class=\"elementor-widget-container\">\n\t\t\t\t\t\t\t\t\t<p>Le informamos que los datos que nos facilite por cualquier medio (p\u00e1gina web, correo electr\u00f3nico, formularios en papel, y\/o cualquier otro documento) ser\u00e1n incorporados un fichero titularidad de THE MUXIC. THE MUXIC tratar\u00e1 la informaci\u00f3n que nos proporcionan las personas interesadas con las siguientes finalidades:<\/p><ul><li>Gestionar cualquier tipo de solicitud, sugerencia o petici\u00f3n sobre nuestros servicios profesionales que nos formulen las personas interesadas.<\/li><li>Comunicaciones comerciales: Tratamiento de sus datos con la finalidad de informarle sobre actividades, art\u00edculos de inter\u00e9s e informaci\u00f3n general sobre nuestros servicios v\u00eda correo electr\u00f3nico.<\/li><li>Dar acceso a servicios de terceros.<\/li><li>Asimismo, y en relaci\u00f3n con los eventos organizados por THE MUXIC y para los cuales sea necesario el registro a trav\u00e9s de servicios de terceros, es posible que estos terceros nos comuniquen tus datos para garantizar la correcta gesti\u00f3n de los eventos, as\u00ed como para permitirnos evaluar el rendimiento de los mismos.<\/li><\/ul><p>Las personas interesadas podr\u00e1n darse de baja de estas comunicaciones en la siguiente direcci\u00f3n de correo electr\u00f3nico:\u00a0<a href=\"mailto:info@themuxic.com\">info@themuxic.com<\/a>.<\/p>\t\t\t\t\t\t\t\t<\/div>\n\t\t\t\t<\/div>\n\t\t\t\t<div class=\"elementor-element elementor-element-fbec9a7 elementor-widget elementor-widget-heading\" data-id=\"fbec9a7\" data-element_type=\"widget\" data-widget_type=\"heading.default\">\n\t\t\t\t<div class=\"elementor-widget-container\">\n\t\t\t\t\t<h2 class=\"elementor-heading-title elementor-size-default\">2. Legitimicaci\u00f3n<\/h2>\t\t\t\t<\/div>\n\t\t\t\t<\/div>\n\t\t\t\t<div class=\"elementor-element elementor-element-6652995 elementor-widget elementor-widget-text-editor\" data-id=\"6652995\" data-element_type=\"widget\" data-widget_type=\"text-editor.default\">\n\t\t\t\t<div class=\"elementor-widget-container\">\n\t\t\t\t\t\t\t\t\t<p>La base legal para el tratamiento de los datos es el consentimiento de las personas interesadas para la tramitaci\u00f3n y gesti\u00f3n de cualquier solicitud de informaci\u00f3n o consulta sobre nuestros servicios profesionales, as\u00ed como para el env\u00edo de comunicaciones comerciales llevadas a cabo por THE MUXIC y el resto de finalidades descritas.<\/p>\t\t\t\t\t\t\t\t<\/div>\n\t\t\t\t<\/div>\n\t\t\t\t<div class=\"elementor-element elementor-element-b6b441d elementor-widget elementor-widget-heading\" data-id=\"b6b441d\" data-element_type=\"widget\" data-widget_type=\"heading.default\">\n\t\t\t\t<div class=\"elementor-widget-container\">\n\t\t\t\t\t<h2 class=\"elementor-heading-title elementor-size-default\">3. \u00bfC\u00f3mo obtenemos sus datos?<\/h2>\t\t\t\t<\/div>\n\t\t\t\t<\/div>\n\t\t\t\t<div class=\"elementor-element elementor-element-84ff070 elementor-widget elementor-widget-text-editor\" data-id=\"84ff070\" data-element_type=\"widget\" data-widget_type=\"text-editor.default\">\n\t\t\t\t<div class=\"elementor-widget-container\">\n\t\t\t\t\t\t\t\t\t<p>THE MUXIC obtiene sus datos a trav\u00e9s de la informaci\u00f3n que Usted nos facilita cuando realiza solicitudes de informaci\u00f3n y\/o sugerencias a trav\u00e9s del formulario de contacto disponible en el Sitio Web, a trav\u00e9s del contacto por correo electr\u00f3nico, formularios digitales o en papel, y\/o cualquier otro documento.<br \/><br \/>En particular, los datos que trataremos incluyen las siguientes categor\u00edas: datos de car\u00e1cter identificativo, datos referentes a sus caracter\u00edsticas personales y circunstancias sociales, datos acad\u00e9micos y profesionales, informaci\u00f3n comercial. En relaci\u00f3n con los eventos organizados por THE MUXIC, podr\u00edan ser objeto del tratamiento tus datos identificativos y de contacto o tu imagen.<\/p>\t\t\t\t\t\t\t\t<\/div>\n\t\t\t\t<\/div>\n\t\t\t\t<div class=\"elementor-element elementor-element-df579a3 elementor-widget elementor-widget-heading\" data-id=\"df579a3\" data-element_type=\"widget\" data-widget_type=\"heading.default\">\n\t\t\t\t<div class=\"elementor-widget-container\">\n\t\t\t\t\t<h2 class=\"elementor-heading-title elementor-size-default\">4. \u00bfDurante cu\u00e1nto tiempo conservamos sus datos?<\/h2>\t\t\t\t<\/div>\n\t\t\t\t<\/div>\n\t\t\t\t<div class=\"elementor-element elementor-element-fd36a8b elementor-widget elementor-widget-text-editor\" data-id=\"fd36a8b\" data-element_type=\"widget\" data-widget_type=\"text-editor.default\">\n\t\t\t\t<div class=\"elementor-widget-container\">\n\t\t\t\t\t\t\t\t\t<p class=\"mt-2 mb-4\">THE MUXIC utilizar\u00e1 sus datos personales mientras se est\u00e9n cumpliendo los fines para los que se tratan los datos personales.<br \/><br \/>En todo caso, THE MUXIC podr\u00e1 conservar sus datos personales hasta que finalicen los plazos de prescripci\u00f3n de las responsabilidades que pudieran derivarse y durante el plazo necesario para cumplir con cualquier obligaci\u00f3n legal aplicable.<\/p>\t\t\t\t\t\t\t\t<\/div>\n\t\t\t\t<\/div>\n\t\t\t\t<div class=\"elementor-element elementor-element-7cbdc3d elementor-widget elementor-widget-heading\" data-id=\"7cbdc3d\" data-element_type=\"widget\" data-widget_type=\"heading.default\">\n\t\t\t\t<div class=\"elementor-widget-container\">\n\t\t\t\t\t<h2 class=\"elementor-heading-title elementor-size-default\">5. Destinatarios<\/h2>\t\t\t\t<\/div>\n\t\t\t\t<\/div>\n\t\t\t\t<div class=\"elementor-element elementor-element-0464a0b elementor-widget elementor-widget-text-editor\" data-id=\"0464a0b\" data-element_type=\"widget\" data-widget_type=\"text-editor.default\">\n\t\t\t\t<div class=\"elementor-widget-container\">\n\t\t\t\t\t\t\t\t\t<p>THE MUXIC \u00fanicamente compartir\u00e1 tus datos personales cuando ello resulte legal o contractualmente necesario. En concreto, tus datos personales pueden ser compartidos con:<\/p><ul><li>Proveedores de productos y servicios contratados por THE MUXIC como encargados del tratamiento, para la consecuci\u00f3n de las finalidades mencionadas, tales como el acceso a servicios de reclamaci\u00f3n de tokens.<\/li><li>Autoridades competentes, as\u00ed como otros terceros interesados en la investigaci\u00f3n de un acto il\u00edcito y, en su caso, en el establecimiento, ejercicio o defensa de las acciones o reclamaciones siempre cumpliendo los requisitos legales aplicables.<\/li><\/ul><p>En caso de que se acceda a tus datos personales desde pa\u00edses que no ofrezcan un nivel de protecci\u00f3n adecuado, THE MUXIC adoptar\u00e1, si fuera necesario, las garant\u00edas apropiadas para llevar a cabo dichas transferencias internacionales de datos de conformidad con la legislaci\u00f3n de protecci\u00f3n de datos aplicable.<br \/><br \/>THE MUXIC sigue unos criterios estrictos de selecci\u00f3n de proveedores de servicios con el fin de dar cumplimiento a sus obligaciones en materia de protecci\u00f3n de datos y se compromete a suscribir con ellos el correspondiente contrato de tratamiento de datos mediante el que les impondr\u00e1, entre otras, las siguientes obligaciones: aplicar medidas t\u00e9cnicas y organizativas apropiadas; tratar los datos personales para las finalidades pactadas y atendiendo \u00fanicamente a las instrucciones documentadas de THE MUXIC; y suprimir o devolver los datos a THE MUXIC una vez finalice la prestaci\u00f3n de los servicios.<\/p>\t\t\t\t\t\t\t\t<\/div>\n\t\t\t\t<\/div>\n\t\t\t\t<div class=\"elementor-element elementor-element-8f2cbdc elementor-widget elementor-widget-heading\" data-id=\"8f2cbdc\" data-element_type=\"widget\" data-widget_type=\"heading.default\">\n\t\t\t\t<div class=\"elementor-widget-container\">\n\t\t\t\t\t<h2 class=\"elementor-heading-title elementor-size-default\">6. Derechos<\/h2>\t\t\t\t<\/div>\n\t\t\t\t<\/div>\n\t\t\t\t<div class=\"elementor-element elementor-element-902a4a0 elementor-widget elementor-widget-text-editor\" data-id=\"902a4a0\" data-element_type=\"widget\" data-widget_type=\"text-editor.default\">\n\t\t\t\t<div class=\"elementor-widget-container\">\n\t\t\t\t\t\t\t\t\t<ul><li>Derecho de Acceso, Rectificaci\u00f3n y Supresi\u00f3n: Las personas interesadas tienen derecho a obtener confirmaci\u00f3n sobre si en THE MUXIC estamos tratando datos personales que les conciernan, o no. Las personas interesadas tienen derecho a acceder a sus datos personales, as\u00ed como a solicitar la rectificaci\u00f3n de los datos inexactos o, en su caso, solicitar su supresi\u00f3n cuando, entre otros motivos, los datos ya no sean necesarios para los fines que fueron recogidos.<\/li><li>Derecho a la Limitaci\u00f3n y Oposici\u00f3n: En determinadas circunstancias, los interesados podr\u00e1n solicitar la limitaci\u00f3n del tratamiento de sus datos, en cuyo caso \u00fanicamente los conservaremos para el ejercicio o la defensa de reclamaciones. En determinadas circunstancias y por motivos relacionados con su situaci\u00f3n particular, los interesados podr\u00e1n oponerse al tratamiento de sus datos. THE MUXIC dejar\u00e1 de tratar los datos, salvo por motivos leg\u00edtimos imperiosos, o el ejercicio o la defensa de posibles reclamaciones. Dichos derechos podr\u00e1n ser ejercitados a trav\u00e9s de cualquier medio de comunicaci\u00f3n frente a THE MUXIC en la direcci\u00f3n arriba indicada, adjuntando fotocopia de DNI del titular de los datos o en la direcci\u00f3n de correo electr\u00f3nico\u00a0<a href=\"mailto:info@themuxic.com\">info@themuxic.com<\/a><\/li><\/ul>\t\t\t\t\t\t\t\t<\/div>\n\t\t\t\t<\/div>\n\t\t\t\t<div class=\"elementor-element elementor-element-6cf7d19 elementor-widget elementor-widget-heading\" data-id=\"6cf7d19\" data-element_type=\"widget\" data-widget_type=\"heading.default\">\n\t\t\t\t<div class=\"elementor-widget-container\">\n\t\t\t\t\t<h2 class=\"elementor-heading-title elementor-size-default\">7. Actualizaciones y modificaciones<\/h2>\t\t\t\t<\/div>\n\t\t\t\t<\/div>\n\t\t\t\t<div class=\"elementor-element elementor-element-d2e8929 elementor-widget elementor-widget-text-editor\" data-id=\"d2e8929\" data-element_type=\"widget\" data-widget_type=\"text-editor.default\">\n\t\t\t\t<div class=\"elementor-widget-container\">\n\t\t\t\t\t\t\t\t\t<p>Se reserva el derecho de modificar y\/o actualizar la informaci\u00f3n sobre protecci\u00f3n de datos cuando sea necesario para el correcto cumplimiento de la normativa vigente. Si se produjera alguna modificaci\u00f3n, el nuevo texto ser\u00e1 publicado en esta p\u00e1gina, donde podr\u00e1 tener acceso a la pol\u00edtica actual. En cada caso, la relaci\u00f3n con los usuarios se regir\u00e1 por las normas previstas en el momento preciso en que se accede al Sitio Web.<\/p>\t\t\t\t\t\t\t\t<\/div>\n\t\t\t\t<\/div>\n\t\t\t\t<div class=\"elementor-element elementor-element-6ed6b9e elementor-widget elementor-widget-heading\" data-id=\"6ed6b9e\" data-element_type=\"widget\" data-widget_type=\"heading.default\">\n\t\t\t\t<div class=\"elementor-widget-container\">\n\t\t\t\t\t<h2 class=\"elementor-heading-title elementor-size-default\">8. Canal de comunicaci\u00f3n y soporte<\/h2>\t\t\t\t<\/div>\n\t\t\t\t<\/div>\n\t\t\t\t<div class=\"elementor-element elementor-element-22af1be elementor-widget elementor-widget-text-editor\" data-id=\"22af1be\" data-element_type=\"widget\" data-widget_type=\"text-editor.default\">\n\t\t\t\t<div class=\"elementor-widget-container\">\n\t\t\t\t\t\t\t\t\t<main id=\"main\" class=\"site-main\"><section id=\"container\" class=\"container text-justify\"><p class=\"mt-2 mb-4\">Las personas interesadas podr\u00e1n comunicar cualquier duda sobre el tratamiento de sus datos de car\u00e1cter personal o interpretaci\u00f3n de nuestra pol\u00edtica en la siguiente direcci\u00f3n:\u00a0<a href=\"mailto:info@themuxic.com\">info@themuxic.com<\/a><\/p><\/section><\/main><footer id=\"footer\" class=\"site-footer\"><div class=\"footer-menu\"><div class=\"container\"><div class=\"row\">\u00a0<\/div><\/div><\/div><\/footer>\t\t\t\t\t\t\t\t<\/div>\n\t\t\t\t<\/div>\n\t\t\t\t\t<\/div>\n\t\t<\/div>\n\t\t\t\t\t<\/div>\n\t\t<\/section>\n\t\t\t\t<\/div>","protected":false},"excerpt":{"rendered":"<p>Pol\u00edtica de privacidad DATOS DEL RESPONSABLE DEL FICHERO Identidad:\u00a0THE MUXIC EXCHANGE, S.L. (\u00abTHE MUXIC\u00bb) NIF: B-72951346 Direcci\u00f3n: C\/Neptuno, 29, 28224 Pozuelo de Alarc\u00f3n, Madrid Correo electr\u00f3nico:\u00a0info@themuxic.com 1. Finalidades del tratamiento Le informamos que los datos que nos facilite por cualquier medio (p\u00e1gina web, correo electr\u00f3nico, formularios en papel, y\/o cualquier otro documento) ser\u00e1n incorporados un fichero titularidad de THE MUXIC. THE MUXIC tratar\u00e1 la informaci\u00f3n que nos proporcionan las personas interesadas con las siguientes finalidades: Gestionar cualquier tipo de solicitud, sugerencia o petici\u00f3n sobre nuestros servicios profesionales que nos formulen las personas interesadas. Comunicaciones comerciales: Tratamiento de sus datos con la finalidad de informarle sobre actividades, art\u00edculos de inter\u00e9s e informaci\u00f3n general sobre nuestros servicios v\u00eda correo electr\u00f3nico. Dar acceso a servicios de terceros. Asimismo, y en relaci\u00f3n con los eventos organizados por THE MUXIC y para los cuales sea necesario el registro a trav\u00e9s de servicios de terceros, es posible que estos terceros nos comuniquen tus datos para garantizar la correcta gesti\u00f3n de los eventos, as\u00ed como para permitirnos evaluar el rendimiento de los mismos. Las personas interesadas podr\u00e1n darse de baja de estas comunicaciones en la siguiente direcci\u00f3n de correo electr\u00f3nico:\u00a0info@themuxic.com. 2. Legitimicaci\u00f3n La base legal para el tratamiento de los datos es el consentimiento de las personas interesadas para la tramitaci\u00f3n y gesti\u00f3n de cualquier solicitud de informaci\u00f3n o consulta sobre nuestros servicios profesionales, as\u00ed como para el env\u00edo de comunicaciones comerciales llevadas a cabo por THE MUXIC y el resto de finalidades descritas. 3. \u00bfC\u00f3mo obtenemos sus datos? THE MUXIC obtiene sus datos a trav\u00e9s de la informaci\u00f3n que Usted nos facilita cuando realiza solicitudes de informaci\u00f3n y\/o sugerencias a trav\u00e9s del formulario de contacto disponible en el Sitio Web, a trav\u00e9s del contacto por correo electr\u00f3nico, formularios digitales o en papel, y\/o cualquier otro documento. En particular, los datos que trataremos incluyen las siguientes categor\u00edas: datos de car\u00e1cter identificativo, datos referentes a sus caracter\u00edsticas personales y circunstancias sociales, datos acad\u00e9micos y profesionales, informaci\u00f3n comercial. En relaci\u00f3n con los eventos organizados por THE MUXIC, podr\u00edan ser objeto del tratamiento tus datos identificativos y de contacto o tu imagen. 4. \u00bfDurante cu\u00e1nto tiempo conservamos sus datos? THE MUXIC utilizar\u00e1 sus datos personales mientras se est\u00e9n cumpliendo los fines para los que se tratan los datos personales. En todo caso, THE MUXIC podr\u00e1 conservar sus datos personales hasta que finalicen los plazos de prescripci\u00f3n de las responsabilidades que pudieran derivarse y durante el plazo necesario para cumplir con cualquier obligaci\u00f3n legal aplicable. 5. Destinatarios THE MUXIC \u00fanicamente compartir\u00e1 tus datos personales cuando ello resulte legal o contractualmente necesario. En concreto, tus datos personales pueden ser compartidos con: Proveedores de productos y servicios contratados por THE MUXIC como encargados del tratamiento, para la consecuci\u00f3n de las finalidades mencionadas, tales como el acceso a servicios de reclamaci\u00f3n de tokens. Autoridades competentes, as\u00ed como otros terceros interesados en la investigaci\u00f3n de un acto il\u00edcito y, en su caso, en el establecimiento, ejercicio o defensa de las acciones o reclamaciones siempre cumpliendo los requisitos legales aplicables. En caso de que se acceda a tus datos personales desde pa\u00edses que no ofrezcan un nivel de protecci\u00f3n adecuado, THE MUXIC adoptar\u00e1, si fuera necesario, las garant\u00edas apropiadas para llevar a cabo dichas transferencias internacionales de datos de conformidad con la legislaci\u00f3n de protecci\u00f3n de datos aplicable. THE MUXIC sigue unos criterios estrictos de selecci\u00f3n de proveedores de servicios con el fin de dar cumplimiento a sus obligaciones en materia de protecci\u00f3n de datos y se compromete a suscribir con ellos el correspondiente contrato de tratamiento de datos mediante el que les impondr\u00e1, entre otras, las siguientes obligaciones: aplicar medidas t\u00e9cnicas y organizativas apropiadas; tratar los datos personales para las finalidades pactadas y atendiendo \u00fanicamente a las instrucciones documentadas de THE MUXIC; y suprimir o devolver los datos a THE MUXIC una vez finalice la prestaci\u00f3n de los servicios. 6. Derechos Derecho de Acceso, Rectificaci\u00f3n y Supresi\u00f3n: Las personas interesadas tienen derecho a obtener confirmaci\u00f3n sobre si en THE MUXIC estamos tratando datos personales que les conciernan, o no. Las personas interesadas tienen derecho a acceder a sus datos personales, as\u00ed como a solicitar la rectificaci\u00f3n de los datos inexactos o, en su caso, solicitar su supresi\u00f3n cuando, entre otros motivos, los datos ya no sean necesarios para los fines que fueron recogidos. Derecho a la Limitaci\u00f3n y Oposici\u00f3n: En determinadas circunstancias, los interesados podr\u00e1n solicitar la limitaci\u00f3n del tratamiento de sus datos, en cuyo caso \u00fanicamente los conservaremos para el ejercicio o la defensa de reclamaciones. En determinadas circunstancias y por motivos relacionados con su situaci\u00f3n particular, los interesados podr\u00e1n oponerse al tratamiento de sus datos. THE MUXIC dejar\u00e1 de tratar los datos, salvo por motivos leg\u00edtimos imperiosos, o el ejercicio o la defensa de posibles reclamaciones. Dichos derechos podr\u00e1n ser ejercitados a trav\u00e9s de cualquier medio de comunicaci\u00f3n frente a THE MUXIC en la direcci\u00f3n arriba indicada, adjuntando fotocopia de DNI del titular de los datos o en la direcci\u00f3n de correo electr\u00f3nico\u00a0info@themuxic.com 7. Actualizaciones y modificaciones Se reserva el derecho de modificar y\/o actualizar la informaci\u00f3n sobre protecci\u00f3n de datos cuando sea necesario para el correcto cumplimiento de la normativa vigente. Si se produjera alguna modificaci\u00f3n, el nuevo texto ser\u00e1 publicado en esta p\u00e1gina, donde podr\u00e1 tener acceso a la pol\u00edtica actual. En cada caso, la relaci\u00f3n con los usuarios se regir\u00e1 por las normas previstas en el momento preciso en que se accede al Sitio Web. 8. Canal de comunicaci\u00f3n y soporte Las personas interesadas podr\u00e1n comunicar cualquier duda sobre el tratamiento de sus datos de car\u00e1cter personal o interpretaci\u00f3n de nuestra pol\u00edtica en la siguiente direcci\u00f3n:\u00a0info@themuxic.com \u00a0<\/p>","protected":false},"author":1,"featured_media":0,"parent":0,"menu_order":0,"comment_status":"closed","ping_status":"closed","template":"elementor_canvas","meta":{"footnotes":""},"class_list":["post-1012","page","type-page","status-publish","hentry"],"blocksy_meta":[],"aioseo_notices":[],"_links":{"self":[{"href":"https:\/\/themuxic.com\/en\/wp-json\/wp\/v2\/pages\/1012","targetHints":{"allow":["GET"]}}],"collection":[{"href":"https:\/\/themuxic.com\/en\/wp-json\/wp\/v2\/pages"}],"about":[{"href":"https:\/\/themuxic.com\/en\/wp-json\/wp\/v2\/types\/page"}],"author":[{"embeddable":true,"href":"https:\/\/themuxic.com\/en\/wp-json\/wp\/v2\/users\/1"}],"replies":[{"embeddable":true,"href":"https:\/\/themuxic.com\/en\/wp-json\/wp\/v2\/comments?post=1012"}],"version-history":[{"count":7,"href":"https:\/\/themuxic.com\/en\/wp-json\/wp\/v2\/pages\/1012\/revisions"}],"predecessor-version":[{"id":1117,"href":"https:\/\/themuxic.com\/en\/wp-json\/wp\/v2\/pages\/1012\/revisions\/1117"}],"wp:attachment":[{"href":"https:\/\/themuxic.com\/en\/wp-json\/wp\/v2\/media?parent=1012"}],"curies":[{"name":"wp","href":"https:\/\/api.w.org\/{rel}","templated":true}]}}