{"id":1240,"date":"2025-04-03T11:10:20","date_gmt":"2025-04-03T11:10:20","guid":{"rendered":"https:\/\/themuxic.com\/?page_id=1240"},"modified":"2026-04-08T11:28:10","modified_gmt":"2026-04-08T11:28:10","slug":"themuxic-marketplace-com-login","status":"publish","type":"page","link":"https:\/\/themuxic.com\/en\/themuxic-marketplace-com-login\/","title":{"rendered":"Crowdfunding"},"content":{"rendered":"<p><a href=\"https:\/\/themuxic.com\/en\/a-la-vida\/\">Nuevo artista ALDEBAR\u00c1NDesc\u00fabrelo aqu\u00ed<\/a><a href=\"https:\/\/themuxic.com\/en\/melodias-angustias-y-paisaje\/\">T\u00fa haces que la m\u00fasica cobre vidaDesc\u00fabrelo aqu\u00ed<\/a><a href=\"https:\/\/themuxic.com\/en\/quarantine-ep\/\">Vibra con Catalina MorganaDesc\u00fabrelo aqu\u00ed<\/a><a href=\"https:\/\/themuxic.com\/en\/japan-stars-tour\/\">Explora la cultura niponaDesc\u00fabrelo aqu\u00ed<\/a><br \/>\n\t\t\t\t\t\t\t<svg aria-hidden=\"true\" viewbox=\"0 0 1000 1000\" xmlns=\"http:\/\/www.w3.org\/2000\/svg\"><path d=\"M646 125C629 125 613 133 604 142L308 442C296 454 292 471 292 487 292 504 296 521 308 533L604 854C617 867 629 875 646 875 663 875 679 871 692 858 704 846 713 829 713 812 713 796 708 779 692 767L438 487 692 225C700 217 708 204 708 187 708 171 704 154 692 142 675 129 663 125 646 125Z\"><\/path><\/svg><br \/>\n\t\t\t\t\t\t\t<svg aria-hidden=\"true\" viewbox=\"0 0 1000 1000\" xmlns=\"http:\/\/www.w3.org\/2000\/svg\"><path d=\"M696 533C708 521 713 504 713 487 713 471 708 454 696 446L400 146C388 133 375 125 354 125 338 125 325 129 313 142 300 154 292 171 292 187 292 204 296 221 308 233L563 492 304 771C292 783 288 800 288 817 288 833 296 850 308 863 321 871 338 875 354 875 371 875 388 867 400 854L696 533Z\"><\/path><\/svg><br \/>\n\t\t\t\t\t\t\t\t\t\t\t\t\t\t\t\t<a href=\"https:\/\/themuxic.com\/en\/a-la-vida\/\"><br \/>\n\t\t\t\t\t\t\t<img fetchpriority=\"high\" decoding=\"async\" width=\"1024\" height=\"1024\" src=\"https:\/\/themuxic.com\/wp-content\/uploads\/2025\/03\/descarga-1024x1024.jpg\" alt=\"\" srcset=\"https:\/\/themuxic.com\/wp-content\/uploads\/2025\/03\/descarga-1024x1024.jpg 1024w, https:\/\/themuxic.com\/wp-content\/uploads\/2025\/03\/descarga-300x300.jpg 300w, https:\/\/themuxic.com\/wp-content\/uploads\/2025\/03\/descarga-150x150.jpg 150w, https:\/\/themuxic.com\/wp-content\/uploads\/2025\/03\/descarga-768x768.jpg 768w, https:\/\/themuxic.com\/wp-content\/uploads\/2025\/03\/descarga-1536x1536.jpg 1536w, https:\/\/themuxic.com\/wp-content\/uploads\/2025\/03\/descarga.jpg 1798w\" sizes=\"(max-width: 1024px) 100vw, 1024px\" \/>\t\t\t\t\t\t\t\t<\/a><br \/>\n\t\t\t\t\t<a href=\"https:\/\/themuxic.com\/en\/a-la-vida\/\"><br \/>\n\t\t\t\t<svg aria-hidden=\"true\" viewbox=\"0 0 512 512\" xmlns=\"http:\/\/www.w3.org\/2000\/svg\"><path d=\"M371.7 238l-176-107c-15.8-8.8-35.7 2.5-35.7 21v208c0 18.4 19.8 29.8 35.7 21l176-101c16.4-9.1 16.4-32.8 0-42zM504 256C504 119 393 8 256 8S8 119 8 256s111 248 248 248 248-111 248-248zm-448 0c0-110.5 89.5-200 200-200s200 89.5 200 200-89.5 200-200 200S56 366.5 56 256z\"><\/path><\/svg><br \/>\n\t\t\t\t\t\t\t\t\tEscuchar ahora<br \/>\n\t\t\t\t\t<\/a><\/p>\n<h2>A LA VIDA<\/h2>\n<p>PABLO ALBARR\u00c1N LLED\u00d3<\/p>\n<p>\t\t\t\t\t<a href=\"https:\/\/themuxic.com\/en\/a-la-vida\/\"><br \/>\n\t\t\t\t\t\t\t\t\tWORLD MUSIC<br \/>\n\t\t\t\t\t<\/a><br \/>\n\t\t\t\t\t<!DOCTYPE html><br \/>\n<html lang=\"es\"><br \/>\n<head><br \/>\n    <meta charset=\"UTF-8\"><br \/>\n    <meta name=\"viewport\" content=\"width=device-width, initial-scale=1.0\"><br \/>\n    <title>Progreso de Recaudaci\u00f3n<\/title><\/p>\n<style>\n        .container {\n            display: flex;\n            align-items: center;\n            justify-content: space-between;\n            font-family: 'Palanquin Dark', sans-serif;\n            font-size: 20px;\n            color: #323754;\n            margin-bottom: 16px;\n            width: 100%;\n            max-width: 350px;\n        }\n        .amount, .days {\n            display: flex;\n            flex-direction: column;\n            text-align: left;\n            line-height: 1;\n            flex: 1;\n        }\n        .percentage {\n            width: 50px;\n            height: 50px;\n            border: 2px solid orange;\n            border-radius: 50%;\n            display: flex;\n            align-items: center;\n            justify-content: center;\n            font-size: 14px;\n            font-weight: bold;\n            color: #323754;\n        }\n        .small-text {\n            font-size: 14px;\n            color: #A7A7A7;\n        }\n        \/* Estilos responsive para m\u00f3viles *\/\n        @media (max-width: 480px) {\n            .container {\n                max-width: 90%;\n                font-size: 16px;\n            }\n            .amount, .days {\n                text-align: center;\n            }\n            .percentage {\n                width: 45px;\n                height: 45px;\n                font-size: 12px;\n            }\n        }\n    <\/style>\n<p><\/head><br \/>\n<body><br \/>\n        5.710 \u20ac<br \/>\n        6.000 \u20ac<br \/>\n        28<br \/>\n        d\u00edas restantes<br \/>\n<\/body><br \/>\n<\/html><br \/>\n\t\t\t\t\t\t\t\t\t\t\t\t\t\t\t\t<a href=\"https:\/\/themuxic.com\/en\/melodias-angustias-y-paisaje\/\"><br \/>\n\t\t\t\t\t\t\t<img decoding=\"async\" width=\"1024\" height=\"1024\" src=\"https:\/\/themuxic.com\/wp-content\/uploads\/2025\/03\/descarga-1-1024x1024.jpg\" alt=\"\" srcset=\"https:\/\/themuxic.com\/wp-content\/uploads\/2025\/03\/descarga-1-1024x1024.jpg 1024w, https:\/\/themuxic.com\/wp-content\/uploads\/2025\/03\/descarga-1-300x300.jpg 300w, https:\/\/themuxic.com\/wp-content\/uploads\/2025\/03\/descarga-1-150x150.jpg 150w, https:\/\/themuxic.com\/wp-content\/uploads\/2025\/03\/descarga-1-768x768.jpg 768w, https:\/\/themuxic.com\/wp-content\/uploads\/2025\/03\/descarga-1-1536x1536.jpg 1536w, https:\/\/themuxic.com\/wp-content\/uploads\/2025\/03\/descarga-1-2048x2048.jpg 2048w\" sizes=\"(max-width: 1024px) 100vw, 1024px\" \/>\t\t\t\t\t\t\t\t<\/a><br \/>\n\t\t\t\t\t<a href=\"https:\/\/themuxic.com\/en\/melodias-angustias-y-paisaje\/\"><br \/>\n\t\t\t\t<svg aria-hidden=\"true\" viewbox=\"0 0 512 512\" xmlns=\"http:\/\/www.w3.org\/2000\/svg\"><path d=\"M371.7 238l-176-107c-15.8-8.8-35.7 2.5-35.7 21v208c0 18.4 19.8 29.8 35.7 21l176-101c16.4-9.1 16.4-32.8 0-42zM504 256C504 119 393 8 256 8S8 119 8 256s111 248 248 248 248-111 248-248zm-448 0c0-110.5 89.5-200 200-200s200 89.5 200 200-89.5 200-200 200S56 366.5 56 256z\"><\/path><\/svg><br \/>\n\t\t\t\t\t\t\t\t\tEscuchar ahora<br \/>\n\t\t\t\t\t<\/a><\/p>\n<h2>Melod\u00edas, Angustias y Paisaje<\/h2>\n<p>PAHOLA CROWLEY<\/p>\n<p>\t\t\t\t\t<a href=\"https:\/\/themuxic.com\/en\/melodias-angustias-y-paisaje\/\"><br \/>\n\t\t\t\t\t\t\t\t\tVOCAL JAZZ<br \/>\n\t\t\t\t\t<\/a><br \/>\n\t\t\t\t\t<!DOCTYPE html><br \/>\n<html lang=\"es\"><br \/>\n<head><br \/>\n    <meta charset=\"UTF-8\"><br \/>\n    <meta name=\"viewport\" content=\"width=device-width, initial-scale=1.0\"><br \/>\n    <title>Progreso de Recaudaci\u00f3n<\/title><\/p>\n<style>\n        .container {\n            display: flex;\n            align-items: center;\n            justify-content: space-between;\n            font-family: 'Palanquin Dark', sans-serif;\n            font-size: 20px;\n            color: #323754;\n            margin-bottom: 16px;\n            width: 100%;\n            max-width: 350px;\n        }\n        .amount, .days {\n            display: flex;\n            flex-direction: column;\n            text-align: left;\n            line-height: 1;\n            flex: 1;\n        }\n        .percentage {\n            width: 50px;\n            height: 50px;\n            border: 2px solid orange;\n            border-radius: 50%;\n            display: flex;\n            align-items: center;\n            justify-content: center;\n            font-size: 14px;\n            font-weight: bold;\n            color: #323754;\n        }\n        .small-text {\n            font-size: 14px;\n            color: #A7A7A7;\n        }\n        \/* Estilos responsive para m\u00f3viles *\/\n        @media (max-width: 480px) {\n            .container {\n                max-width: 90%;\n                font-size: 16px;\n            }\n            .amount, .days {\n                text-align: center;\n            }\n            .percentage {\n                width: 45px;\n                height: 45px;\n                font-size: 12px;\n            }\n        }\n    <\/style>\n<p><\/head><br \/>\n<body><br \/>\n        765 \u20ac<br \/>\n        5.000 \u20ac<br \/>\n        53<br \/>\n        d\u00edas restantes<br \/>\n<\/body><br \/>\n<\/html><br \/>\n\t\t\t\t\t\t\t\t\t\t\t\t\t\t\t\t<a href=\"https:\/\/themuxic.com\/en\/quarantine-ep\/\"><br \/>\n\t\t\t\t\t\t\t<img decoding=\"async\" width=\"1024\" height=\"1024\" src=\"https:\/\/themuxic.com\/wp-content\/uploads\/2025\/03\/descarga-1-1024x1024.png\" alt=\"\" srcset=\"https:\/\/themuxic.com\/wp-content\/uploads\/2025\/03\/descarga-1-1024x1024.png 1024w, https:\/\/themuxic.com\/wp-content\/uploads\/2025\/03\/descarga-1-300x300.png 300w, https:\/\/themuxic.com\/wp-content\/uploads\/2025\/03\/descarga-1-150x150.png 150w, https:\/\/themuxic.com\/wp-content\/uploads\/2025\/03\/descarga-1-768x768.png 768w, https:\/\/themuxic.com\/wp-content\/uploads\/2025\/03\/descarga-1.png 1080w\" sizes=\"(max-width: 1024px) 100vw, 1024px\" \/>\t\t\t\t\t\t\t\t<\/a><br \/>\n\t\t\t\t\t<a href=\"https:\/\/themuxic.com\/en\/quarantine-ep\/\"><br \/>\n\t\t\t\t<svg aria-hidden=\"true\" viewbox=\"0 0 512 512\" xmlns=\"http:\/\/www.w3.org\/2000\/svg\"><path d=\"M371.7 238l-176-107c-15.8-8.8-35.7 2.5-35.7 21v208c0 18.4 19.8 29.8 35.7 21l176-101c16.4-9.1 16.4-32.8 0-42zM504 256C504 119 393 8 256 8S8 119 8 256s111 248 248 248 248-111 248-248zm-448 0c0-110.5 89.5-200 200-200s200 89.5 200 200-89.5 200-200 200S56 366.5 56 256z\"><\/path><\/svg><br \/>\n\t\t\t\t\t\t\t\t\tEscuchar ahora<br \/>\n\t\t\t\t\t<\/a><\/p>\n<h2>Quarantine EP<\/h2>\n<p>CATALINA MORGANA<\/p>\n<p>\t\t\t\t\t<a href=\"https:\/\/themuxic.com\/en\/quarantine-ep\/\"><br \/>\n\t\t\t\t\t\t\t\t\tFOLK-POP<br \/>\n\t\t\t\t\t<\/a><br \/>\n\t\t\t\t\t<!DOCTYPE html><br \/>\n<html lang=\"es\"><br \/>\n<head><br \/>\n    <meta charset=\"UTF-8\"><br \/>\n    <meta name=\"viewport\" content=\"width=device-width, initial-scale=1.0\"><br \/>\n    <title>Progreso de Recaudaci\u00f3n<\/title><\/p>\n<style>\n        .container {\n            display: flex;\n            align-items: center;\n            justify-content: space-between;\n            font-family: 'Palanquin Dark', sans-serif;\n            font-size: 20px;\n            color: #323754;\n            margin-bottom: 16px;\n            width: 100%;\n            max-width: 350px;\n        }\n        .amount, .days {\n            display: flex;\n            flex-direction: column;\n            text-align: left;\n            line-height: 1;\n            flex: 1;\n        }\n        .percentage {\n            width: 50px;\n            height: 50px;\n            border: 2px solid orange;\n            border-radius: 50%;\n            display: flex;\n            align-items: center;\n            justify-content: center;\n            font-size: 14px;\n            color: #323754;\n        }\n        .small-text {\n            font-size: 14px;\n            color: #A7A7A7;\n        }\n        \/* Estilos responsive para m\u00f3viles *\/\n        @media (max-width: 480px) {\n            .container {\n                max-width: 90%;\n                font-size: 16px;\n            }\n            .amount, .days {\n                text-align: center;\n            }\n            .percentage {\n                width: 45px;\n                height: 45px;\n                font-size: 12px;\n            }\n        }\n    <\/style>\n<p><\/head><br \/>\n<body><br \/>\n        3.000 \u20ac<br \/>\n        3.000 \u20ac<br \/>\n        0<br \/>\n        d\u00edas restantes<br \/>\n<\/body><br \/>\n<\/html><br \/>\n\t\t\t\t\t\t\t\t\t\t\t\t\t\t\t\t<a href=\"https:\/\/themuxic.com\/en\/japan-stars-tour\/\"><br \/>\n\t\t\t\t\t\t\t<img loading=\"lazy\" decoding=\"async\" width=\"1024\" height=\"1024\" src=\"https:\/\/themuxic.com\/wp-content\/uploads\/2025\/04\/Estella-objetivo-1024x1024.png\" alt=\"\" srcset=\"https:\/\/themuxic.com\/wp-content\/uploads\/2025\/04\/Estella-objetivo-1024x1024.png 1024w, https:\/\/themuxic.com\/wp-content\/uploads\/2025\/04\/Estella-objetivo-300x300.png 300w, https:\/\/themuxic.com\/wp-content\/uploads\/2025\/04\/Estella-objetivo-150x150.png 150w, https:\/\/themuxic.com\/wp-content\/uploads\/2025\/04\/Estella-objetivo-768x768.png 768w, https:\/\/themuxic.com\/wp-content\/uploads\/2025\/04\/Estella-objetivo-12x12.png 12w, https:\/\/themuxic.com\/wp-content\/uploads\/2025\/04\/Estella-objetivo.png 1050w\" sizes=\"(max-width: 1024px) 100vw, 1024px\" \/>\t\t\t\t\t\t\t\t<\/a><br \/>\n\t\t\t\t\t<a href=\"https:\/\/themuxic.com\/en\/japan-stars-tour\/\"><br \/>\n\t\t\t\t<svg aria-hidden=\"true\" viewbox=\"0 0 512 512\" xmlns=\"http:\/\/www.w3.org\/2000\/svg\"><path d=\"M371.7 238l-176-107c-15.8-8.8-35.7 2.5-35.7 21v208c0 18.4 19.8 29.8 35.7 21l176-101c16.4-9.1 16.4-32.8 0-42zM504 256C504 119 393 8 256 8S8 119 8 256s111 248 248 248 248-111 248-248zm-448 0c0-110.5 89.5-200 200-200s200 89.5 200 200-89.5 200-200 200S56 366.5 56 256z\"><\/path><\/svg><br \/>\n\t\t\t\t\t\t\t\t\tEscuchar ahora<br \/>\n\t\t\t\t\t<\/a><\/p>\n<h2>Japan Stars Tour &#8211; Tu Mirada<\/h2>\n<p>ESTHER CID RODR\u00cdGUEZ<\/p>\n<p>\t\t\t\t\t<a href=\"https:\/\/themuxic.com\/en\/japan-stars-tour\/\"><br \/>\n\t\t\t\t\t\t\t\t\tFUSION<br \/>\n\t\t\t\t\t<\/a><br \/>\n\t\t\t\t\t<!DOCTYPE html><br \/>\n<html lang=\"es\"><br \/>\n<head><br \/>\n    <meta charset=\"UTF-8\"><br \/>\n    <meta name=\"viewport\" content=\"width=device-width, initial-scale=1.0\"><br \/>\n    <title>Progreso de Recaudaci\u00f3n<\/title><\/p>\n<style>\n        .container {\n            display: flex;\n            align-items: center;\n            justify-content: space-between;\n            font-family: 'Palanquin Dark', sans-serif;\n            font-size: 20px;\n            color: #323754;\n            margin-bottom: 16px;\n            width: 100%;\n            max-width: 350px;\n        }\n        .amount, .days {\n            display: flex;\n            flex-direction: column;\n            text-align: left;\n            line-height: 1;\n            flex: 1;\n        }\n        .percentage {\n            width: 50px;\n            height: 50px;\n            border: 2px solid orange;\n            border-radius: 50%;\n            display: flex;\n            align-items: center;\n            justify-content: center;\n            font-size: 14px;\n            color: #323754;\n        }\n        .small-text {\n            font-size: 14px;\n            color: #A7A7A7;\n        }\n        \/* Estilos responsive para m\u00f3viles *\/\n        @media (max-width: 480px) {\n            .container {\n                max-width: 90%;\n                font-size: 16px;\n            }\n            .amount, .days {\n                text-align: center;\n            }\n            .percentage {\n                width: 45px;\n                height: 45px;\n                font-size: 12px;\n            }\n        }\n    <\/style>\n<p><\/head><br \/>\n<body><br \/>\n        6000 \u20ac<br \/>\n        6.000 \u20ac<br \/>\n        0<br \/>\n        d\u00edas restantes<br \/>\n<\/body><br \/>\n<\/html><\/p>","protected":false},"excerpt":{"rendered":"<p>Nuevo artista ALDEBAR\u00c1NDesc\u00fabrelo aqu\u00edT\u00fa haces que la m\u00fasica cobre vidaDesc\u00fabrelo aqu\u00edVibra con Catalina MorganaDesc\u00fabrelo aqu\u00edExplora la cultura niponaDesc\u00fabrelo aqu\u00ed Escuchar ahora A LA VIDA PABLO ALBARR\u00c1N LLED\u00d3 WORLD MUSIC Progreso de Recaudaci\u00f3n 5.710 \u20ac 6.000 \u20ac 28 d\u00edas restantes Escuchar ahora Melod\u00edas, Angustias y Paisaje PAHOLA CROWLEY VOCAL JAZZ Progreso de Recaudaci\u00f3n 765 \u20ac 5.000 \u20ac 53 d\u00edas restantes Escuchar ahora Quarantine EP CATALINA MORGANA FOLK-POP Progreso de Recaudaci\u00f3n 3.000 \u20ac 3.000 \u20ac 0 d\u00edas restantes Escuchar ahora Japan Stars Tour &#8211; Tu Mirada ESTHER CID RODR\u00cdGUEZ FUSION Progreso de Recaudaci\u00f3n 6000 \u20ac 6.000 \u20ac 0 d\u00edas restantes<\/p>","protected":false},"author":1,"featured_media":0,"parent":0,"menu_order":0,"comment_status":"closed","ping_status":"closed","template":"elementor_header_footer","meta":{"footnotes":""},"class_list":["post-1240","page","type-page","status-publish","hentry"],"blocksy_meta":[],"aioseo_notices":[],"_links":{"self":[{"href":"https:\/\/themuxic.com\/en\/wp-json\/wp\/v2\/pages\/1240","targetHints":{"allow":["GET"]}}],"collection":[{"href":"https:\/\/themuxic.com\/en\/wp-json\/wp\/v2\/pages"}],"about":[{"href":"https:\/\/themuxic.com\/en\/wp-json\/wp\/v2\/types\/page"}],"author":[{"embeddable":true,"href":"https:\/\/themuxic.com\/en\/wp-json\/wp\/v2\/users\/1"}],"replies":[{"embeddable":true,"href":"https:\/\/themuxic.com\/en\/wp-json\/wp\/v2\/comments?post=1240"}],"version-history":[{"count":95,"href":"https:\/\/themuxic.com\/en\/wp-json\/wp\/v2\/pages\/1240\/revisions"}],"predecessor-version":[{"id":1699,"href":"https:\/\/themuxic.com\/en\/wp-json\/wp\/v2\/pages\/1240\/revisions\/1699"}],"wp:attachment":[{"href":"https:\/\/themuxic.com\/en\/wp-json\/wp\/v2\/media?parent=1240"}],"curies":[{"name":"wp","href":"https:\/\/api.w.org\/{rel}","templated":true}]}}