{"id":1713,"date":"2025-04-11T16:33:20","date_gmt":"2025-04-11T16:33:20","guid":{"rendered":"https:\/\/themuxic.com\/?page_id=1713"},"modified":"2026-03-10T14:46:13","modified_gmt":"2026-03-10T14:46:13","slug":"blog","status":"publish","type":"page","link":"https:\/\/themuxic.com\/en\/blog\/","title":{"rendered":"Blog"},"content":{"rendered":"<div data-elementor-type=\"wp-page\" data-elementor-id=\"1713\" class=\"elementor elementor-1713\" data-elementor-post-type=\"page\">\n\t\t\t\t\t\t<section class=\"elementor-section elementor-top-section elementor-element elementor-element-99cecd6 elementor-section-boxed elementor-section-height-default elementor-section-height-default wpr-particle-no wpr-jarallax-no wpr-parallax-no wpr-sticky-section-no\" data-id=\"99cecd6\" data-element_type=\"section\" data-settings=\"{&quot;background_background&quot;:&quot;classic&quot;}\">\n\t\t\t\t\t\t<div class=\"elementor-container elementor-column-gap-default\">\n\t\t\t\t\t<div class=\"elementor-column elementor-col-66 elementor-top-column elementor-element elementor-element-d996f3a\" data-id=\"d996f3a\" data-element_type=\"column\">\n\t\t\t<div class=\"elementor-widget-wrap elementor-element-populated\">\n\t\t\t\t\t\t<div class=\"elementor-element elementor-element-6434aa1 elementor-widget elementor-widget-text-editor\" data-id=\"6434aa1\" data-element_type=\"widget\" data-widget_type=\"text-editor.default\">\n\t\t\t\t<div class=\"elementor-widget-container\">\n\t\t\t\t\t\t\t\t\t<p>Todas las entradas<\/p>\t\t\t\t\t\t\t\t<\/div>\n\t\t\t\t<\/div>\n\t\t\t\t\t<\/div>\n\t\t<\/div>\n\t\t\t\t<div class=\"elementor-column elementor-col-33 elementor-top-column elementor-element elementor-element-c0db367\" data-id=\"c0db367\" data-element_type=\"column\">\n\t\t\t<div class=\"elementor-widget-wrap elementor-element-populated\">\n\t\t\t\t\t\t<div class=\"elementor-element elementor-element-75233f9 elementor-hidden-desktop elementor-hidden-tablet elementor-hidden-mobile elementor-widget elementor-widget-search\" data-id=\"75233f9\" data-element_type=\"widget\" data-settings=\"{&quot;submit_trigger&quot;:&quot;key_enter&quot;,&quot;pagination_type_options&quot;:&quot;none&quot;}\" data-widget_type=\"search.default\">\n\t\t\t\t<div class=\"elementor-widget-container\">\n\t\t\t\t\t\t\t<search class=\"e-search hidden\" role=\"search\">\n\t\t\t<form class=\"e-search-form\" action=\"https:\/\/themuxic.com\/en\/\" method=\"get\" data-trp-original-action=\"https:\/\/themuxic.com\/en\">\n\n\t\t\t\t\n\t\t\t\t<label class=\"e-search-label\" for=\"search-75233f9\">\n\t\t\t\t\t<span class=\"elementor-screen-only\">\n\t\t\t\t\t\tSearch\t\t\t\t\t<\/span>\n\t\t\t\t\t<svg aria-hidden=\"true\" class=\"e-font-icon-svg e-fas-search\" viewbox=\"0 0 512 512\" xmlns=\"http:\/\/www.w3.org\/2000\/svg\"><path d=\"M505 442.7L405.3 343c-4.5-4.5-10.6-7-17-7H372c27.6-35.3 44-79.7 44-128C416 93.1 322.9 0 208 0S0 93.1 0 208s93.1 208 208 208c48.3 0 92.7-16.4 128-44v16.3c0 6.4 2.5 12.5 7 17l99.7 99.7c9.4 9.4 24.6 9.4 33.9 0l28.3-28.3c9.4-9.4 9.4-24.6.1-34zM208 336c-70.7 0-128-57.2-128-128 0-70.7 57.2-128 128-128 70.7 0 128 57.2 128 128 0 70.7-57.2 128-128 128z\"><\/path><\/svg>\t\t\t\t<\/label>\n\n\t\t\t\t<div class=\"e-search-input-wrapper\">\n\t\t\t\t\t<input id=\"search-75233f9\" placeholder=\"Buscar\" class=\"e-search-input\" type=\"search\" name=\"s\" value=\"\" autocomplete=\"off\" role=\"combobox\" aria-autocomplete=\"list\" aria-expanded=\"false\" aria-controls=\"results-75233f9\" aria-haspopup=\"listbox\">\n\t\t\t\t\t\t\t\t\t\t\t\t\t\t\t<output id=\"results-75233f9\" class=\"e-search-results-container hide-loader\" aria-live=\"polite\" aria-atomic=\"true\" aria-label=\"Results for search\" tabindex=\"0\">\n\t\t\t\t\t\t<div class=\"e-search-results\"><\/div>\n\t\t\t\t\t\t\t\t\t\t\t<\/output>\n\t\t\t\t\t\t\t\t\t<\/div>\n\t\t\t\t\n\t\t\t\t\n\t\t\t\t<button class=\"e-search-submit elementor-screen-only\" type=\"submit\" aria-label=\"Search\">\n\t\t\t\t\t\n\t\t\t\t\t\t\t\t\t<\/button>\n\t\t\t\t<input type=\"hidden\" name=\"e_search_props\" value=\"75233f9-1713\">\n\t\t\t<input type=\"hidden\" name=\"trp-form-language\" value=\"en\"\/><\/form>\n\t\t<\/search>\n\t\t\t\t\t\t<\/div>\n\t\t\t\t<\/div>\n\t\t\t\t\t<\/div>\n\t\t<\/div>\n\t\t\t\t\t<\/div>\n\t\t<\/section>\n\t\t\t\t<section class=\"elementor-section elementor-top-section elementor-element elementor-element-ae536f6 elementor-section-boxed elementor-section-height-default elementor-section-height-default wpr-particle-no wpr-jarallax-no wpr-parallax-no wpr-sticky-section-no\" data-id=\"ae536f6\" data-element_type=\"section\">\n\t\t\t\t\t\t<div class=\"elementor-container elementor-column-gap-default\">\n\t\t\t\t\t<div class=\"elementor-column elementor-col-100 elementor-top-column elementor-element elementor-element-100d7bf\" data-id=\"100d7bf\" data-element_type=\"column\">\n\t\t\t<div class=\"elementor-widget-wrap elementor-element-populated\">\n\t\t\t\t\t\t<div class=\"elementor-element elementor-element-dc8d2ba elementor-widget-divider--view-line elementor-widget elementor-widget-divider\" data-id=\"dc8d2ba\" data-element_type=\"widget\" data-widget_type=\"divider.default\">\n\t\t\t\t<div class=\"elementor-widget-container\">\n\t\t\t\t\t\t\t<div class=\"elementor-divider\">\n\t\t\t<span class=\"elementor-divider-separator\">\n\t\t\t\t\t\t<\/span>\n\t\t<\/div>\n\t\t\t\t\t\t<\/div>\n\t\t\t\t<\/div>\n\t\t\t\t\t<\/div>\n\t\t<\/div>\n\t\t\t\t\t<\/div>\n\t\t<\/section>\n\t\t\t\t<section class=\"elementor-section elementor-top-section elementor-element elementor-element-61ae131 elementor-section-boxed elementor-section-height-default elementor-section-height-default wpr-particle-no wpr-jarallax-no wpr-parallax-no wpr-sticky-section-no\" data-id=\"61ae131\" data-element_type=\"section\">\n\t\t\t\t\t\t<div class=\"elementor-container elementor-column-gap-default\">\n\t\t\t\t\t<div class=\"elementor-column elementor-col-100 elementor-top-column elementor-element elementor-element-b2488c6\" data-id=\"b2488c6\" data-element_type=\"column\">\n\t\t\t<div class=\"elementor-widget-wrap elementor-element-populated\">\n\t\t\t\t\t\t<div class=\"elementor-element elementor-element-edeef2a elementor-align-justify elementor-widget elementor-widget-button\" data-id=\"edeef2a\" data-element_type=\"widget\" data-widget_type=\"button.default\">\n\t\t\t\t<div class=\"elementor-widget-container\">\n\t\t\t\t\t\t\t\t\t<div class=\"elementor-button-wrapper\">\n\t\t\t\t\t<a class=\"elementor-button elementor-button-link elementor-size-sm\" href=\"https:\/\/docs.google.com\/document\/d\/1wEN1yUMZhpuiJYI2eAjkBY1ZL7VQsg-t\/edit?usp=drive_link&#038;ouid=116144041780449705776&#038;rtpof=true&#038;sd=true\" target=\"_blank\" id=\"https:\/\/docs.google.com\/document\/d\/1wEN1yUMZhpuiJYI2eAjkBY1ZL7VQsg-t\/edit?usp=drive_link&amp;ouid=116144041780449705776&amp;rtpof=true&amp;sd=true\">\n\t\t\t\t\t\t<span class=\"elementor-button-content-wrapper\">\n\t\t\t\t\t\t\t\t\t<span class=\"elementor-button-text\">Convocatoria de la reuni\u00f3n de la Junta General Extraordinaria de socios de la sociedad THE MUXIC EXCHANGE, S.L. 23 MARZO2026<\/span>\n\t\t\t\t\t<\/span>\n\t\t\t\t\t<\/a>\n\t\t\t\t<\/div>\n\t\t\t\t\t\t\t\t<\/div>\n\t\t\t\t<\/div>\n\t\t\t\t<div class=\"elementor-element elementor-element-bfb4339 elementor-align-justify elementor-widget elementor-widget-button\" data-id=\"bfb4339\" data-element_type=\"widget\" data-widget_type=\"button.default\">\n\t\t\t\t<div class=\"elementor-widget-container\">\n\t\t\t\t\t\t\t\t\t<div class=\"elementor-button-wrapper\">\n\t\t\t\t\t<a class=\"elementor-button elementor-button-link elementor-size-sm\" href=\"https:\/\/drive.google.com\/file\/d\/11K2Eb-ZqfbrghbUTcoNEStYKL7ZDV2Vt\/view?usp=sharing\" target=\"_blank\" id=\"https:\/\/drive.google.com\/file\/d\/1b7lipR_2Re-BI5mIyGwwOs2VmZT8acJJ\/view?usp=sharing\">\n\t\t\t\t\t\t<span class=\"elementor-button-content-wrapper\">\n\t\t\t\t\t\t\t\t\t<span class=\"elementor-button-text\">Convocatoria de la reuni\u00f3n de la Junta General Extraordinaria de socios de la sociedad THE MUXIC EXCHANGE, S.L. 9 DE DICIEMBRE 2025 (YA REALIZADA)<\/span>\n\t\t\t\t\t<\/span>\n\t\t\t\t\t<\/a>\n\t\t\t\t<\/div>\n\t\t\t\t\t\t\t\t<\/div>\n\t\t\t\t<\/div>\n\t\t\t\t<div class=\"elementor-element elementor-element-ae84b65 elementor-align-justify elementor-widget elementor-widget-button\" data-id=\"ae84b65\" data-element_type=\"widget\" data-widget_type=\"button.default\">\n\t\t\t\t<div class=\"elementor-widget-container\">\n\t\t\t\t\t\t\t\t\t<div class=\"elementor-button-wrapper\">\n\t\t\t\t\t<a class=\"elementor-button elementor-button-link elementor-size-sm\" href=\"https:\/\/drive.google.com\/file\/d\/1ZZgPa-hQl6advkD-4ZtJUA-IfRmOeVVI\/view?usp=sharing\" target=\"_blank\" id=\"https:\/\/drive.google.com\/file\/d\/1b7lipR_2Re-BI5mIyGwwOs2VmZT8acJJ\/view?usp=sharing\">\n\t\t\t\t\t\t<span class=\"elementor-button-content-wrapper\">\n\t\t\t\t\t\t\t\t\t<span class=\"elementor-button-text\">Convocatoria de la reuni\u00f3n de la Junta General Extraordinaria de socios de la sociedad THE MUXIC EXCHANGE, S.L. 19 DE NOVIEMBRE DE 2025 (YA REALIZADA)<\/span>\n\t\t\t\t\t<\/span>\n\t\t\t\t\t<\/a>\n\t\t\t\t<\/div>\n\t\t\t\t\t\t\t\t<\/div>\n\t\t\t\t<\/div>\n\t\t\t\t<div class=\"elementor-element elementor-element-154b93a elementor-align-justify elementor-widget elementor-widget-button\" data-id=\"154b93a\" data-element_type=\"widget\" data-widget_type=\"button.default\">\n\t\t\t\t<div class=\"elementor-widget-container\">\n\t\t\t\t\t\t\t\t\t<div class=\"elementor-button-wrapper\">\n\t\t\t\t\t<a class=\"elementor-button elementor-button-link elementor-size-sm\" href=\"https:\/\/drive.google.com\/file\/d\/1jmztYnq2OfBjg22QG1Smgvdf5vDp_hzl\/view?usp=sharing\" target=\"_blank\" id=\"https:\/\/drive.google.com\/file\/d\/1b7lipR_2Re-BI5mIyGwwOs2VmZT8acJJ\/view?usp=sharing\">\n\t\t\t\t\t\t<span class=\"elementor-button-content-wrapper\">\n\t\t\t\t\t\t\t\t\t<span class=\"elementor-button-text\">Convocatoria de la reuni\u00f3n de la Junta General Extraordinaria de socios de la sociedad THE MUXIC EXCHANGE, S.L. 4 DE NOVIEMBRE (YA REALIZADA)<\/span>\n\t\t\t\t\t<\/span>\n\t\t\t\t\t<\/a>\n\t\t\t\t<\/div>\n\t\t\t\t\t\t\t\t<\/div>\n\t\t\t\t<\/div>\n\t\t\t\t<div class=\"elementor-element elementor-element-d4a055b elementor-align-justify elementor-widget elementor-widget-button\" data-id=\"d4a055b\" data-element_type=\"widget\" data-widget_type=\"button.default\">\n\t\t\t\t<div class=\"elementor-widget-container\">\n\t\t\t\t\t\t\t\t\t<div class=\"elementor-button-wrapper\">\n\t\t\t\t\t<a class=\"elementor-button elementor-button-link elementor-size-sm\" href=\"https:\/\/drive.google.com\/file\/d\/1b7lipR_2Re-BI5mIyGwwOs2VmZT8acJJ\/view?usp=sharing\" target=\"_blank\" id=\"https:\/\/drive.google.com\/file\/d\/1b7lipR_2Re-BI5mIyGwwOs2VmZT8acJJ\/view?usp=sharing\">\n\t\t\t\t\t\t<span class=\"elementor-button-content-wrapper\">\n\t\t\t\t\t\t\t\t\t<span class=\"elementor-button-text\">Convocatoria de la Junta General Extraordinaria de socios de la sociedad THE MUXIC EXCHANGE, S.L. 8 DE OCTUBRE (YA REALIZADA)<\/span>\n\t\t\t\t\t<\/span>\n\t\t\t\t\t<\/a>\n\t\t\t\t<\/div>\n\t\t\t\t\t\t\t\t<\/div>\n\t\t\t\t<\/div>\n\t\t\t\t\t<\/div>\n\t\t<\/div>\n\t\t\t\t\t<\/div>\n\t\t<\/section>\n\t\t\t\t<section class=\"elementor-section elementor-top-section elementor-element elementor-element-97a72a2 elementor-section-boxed elementor-section-height-default elementor-section-height-default wpr-particle-no wpr-jarallax-no wpr-parallax-no wpr-sticky-section-no\" data-id=\"97a72a2\" data-element_type=\"section\">\n\t\t\t\t\t\t<div class=\"elementor-container elementor-column-gap-default\">\n\t\t\t\t\t<div class=\"elementor-column elementor-col-100 elementor-top-column elementor-element elementor-element-d4746b1\" data-id=\"d4746b1\" data-element_type=\"column\">\n\t\t\t<div class=\"elementor-widget-wrap elementor-element-populated\">\n\t\t\t\t\t\t<div class=\"elementor-element elementor-element-0949c5d elementor-align-justify elementor-widget elementor-widget-button\" data-id=\"0949c5d\" data-element_type=\"widget\" data-widget_type=\"button.default\">\n\t\t\t\t<div class=\"elementor-widget-container\">\n\t\t\t\t\t\t\t\t\t<div class=\"elementor-button-wrapper\">\n\t\t\t\t\t<a class=\"elementor-button elementor-button-link elementor-size-sm\" href=\"https:\/\/themuxic.com\/en\/estimados-socios\/\">\n\t\t\t\t\t\t<span class=\"elementor-button-content-wrapper\">\n\t\t\t\t\t\t\t\t\t<span class=\"elementor-button-text\">NOTICIAS SOBRE LA JUNTA GENERAL EXTRAORDINARIA 5 DE SEPTIEMBRE (YA REALIZADA)                                                                     <\/span>\n\t\t\t\t\t<\/span>\n\t\t\t\t\t<\/a>\n\t\t\t\t<\/div>\n\t\t\t\t\t\t\t\t<\/div>\n\t\t\t\t<\/div>\n\t\t\t\t\t<\/div>\n\t\t<\/div>\n\t\t\t\t\t<\/div>\n\t\t<\/section>\n\t\t\t\t<section class=\"elementor-section elementor-top-section elementor-element elementor-element-7a0b3dd elementor-section-boxed elementor-section-height-default elementor-section-height-default wpr-particle-no wpr-jarallax-no wpr-parallax-no wpr-sticky-section-no\" data-id=\"7a0b3dd\" data-element_type=\"section\">\n\t\t\t\t\t\t<div class=\"elementor-container elementor-column-gap-default\">\n\t\t\t\t\t<div class=\"elementor-column elementor-col-100 elementor-top-column elementor-element elementor-element-ee2c733\" data-id=\"ee2c733\" data-element_type=\"column\">\n\t\t\t<div class=\"elementor-widget-wrap elementor-element-populated\">\n\t\t\t\t\t\t<div class=\"elementor-element elementor-element-06ef4a5 elementor-widget elementor-widget-html\" data-id=\"06ef4a5\" data-element_type=\"widget\" data-widget_type=\"html.default\">\n\t\t\t\t<div class=\"elementor-widget-container\">\n\t\t\t\t\t<!DOCTYPE html>\r\n<html lang=\"es\">\r\n<head>\r\n  <meta charset=\"UTF-8\" \/>\r\n  <meta name=\"viewport\" content=\"width=device-width, initial-scale=1.0\" \/>\r\n  <title>Blog Pahola Crowley<\/title>\r\n  <style>\r\n    body {\r\n      font-family: 'Palanquin', sans-serif;\r\n      display: flex;\r\n      justify-content: center;\r\n      padding: 40px;\r\n      margin: 0;\r\n    }\r\n\r\n    .blog-card {\r\n      display: flex;\r\n      flex-direction: row;\r\n      max-width: 1200px;\r\n      width: 100%;\r\n      border-radius: 16px;\r\n      overflow: hidden;\r\n      box-shadow: 0 4px 16px rgba(0, 0, 0, 0.1);\r\n      background: #fff;\r\n    }\r\n\r\n    .blog-image {\r\n      width: 50%;\r\n      background-size: cover;\r\n      background-position: center;\r\n      background-image: url('https:\/\/themuxic.com\/wp-content\/uploads\/2025\/04\/Pahola-concierto.png');\r\n      cursor: pointer;\r\n    }\r\n\r\n    .blog-content {\r\n      padding: 24px;\r\n      width: 50%;\r\n      display: flex;\r\n      flex-direction: column;\r\n      justify-content: space-between;\r\n    }\r\n\r\n    .blog-text a {\r\n      text-decoration: none;\r\n      color: inherit;\r\n    }\r\n\r\n    .date {\r\n      color: #999;\r\n      font-size: 14px;\r\n      margin-bottom: 8px;\r\n    }\r\n\r\n    .title {\r\n      font-weight: bold;\r\n      font-size: 20px;\r\n      margin-bottom: 12px;\r\n    }\r\n\r\n    .description {\r\n      font-size: 14px;\r\n      color: #333;\r\n      margin-bottom: 16px;\r\n    }\r\n\r\n    .meta {\r\n      display: flex;\r\n      justify-content: space-between;\r\n      align-items: center;\r\n      font-size: 13px;\r\n      color: #666;\r\n      gap: 16px;\r\n    }\r\n\r\n    .meta .meta-item {\r\n      display: flex;\r\n      align-items: center;\r\n      gap: 4px;\r\n      flex: 1;\r\n      justify-content: center;\r\n      white-space: nowrap;\r\n    }\r\n\r\n    .likes {\r\n      cursor: pointer;\r\n    }\r\n\r\n    .heart {\r\n      font-size: 18px;\r\n      transition: color 0.3s;\r\n    }\r\n\r\n    .liked {\r\n      color: #e74c3c;\r\n    }\r\n\r\n    @media (max-width: 768px) {\r\n      .blog-card {\r\n        flex-direction: column;\r\n      }\r\n\r\n      .blog-image {\r\n        width: 100%;\r\n        height: 200px;\r\n        min-height: 200px;\r\n      }\r\n\r\n      .blog-content {\r\n        width: 100%;\r\n        padding: 16px;\r\n      }\r\n\r\n      .title {\r\n        font-size: 18px;\r\n      }\r\n\r\n      .description {\r\n        font-size: 13px;\r\n      }\r\n\r\n      .meta {\r\n        flex-direction: row;\r\n        font-size: 12px;\r\n        gap: 8px;\r\n      }\r\n\r\n      .meta .meta-item {\r\n        justify-content: center;\r\n        gap: 2px;\r\n      }\r\n\r\n      .heart {\r\n        font-size: 16px;\r\n      }\r\n    }\r\n  <\/style>\r\n<\/head>\r\n<body>\r\n  <div class=\"blog-card\" id=\"post-1732\">\r\n    <div class=\"blog-image\" onclick=\"incrementViews(); window.location.href='https:\/\/themuxic.com\/pahola-crowley-emociona-en-su-concierto-y-necesita-tu-apoyo-para-seguir-creando-musica\/'\"><\/div>\r\n    <div class=\"blog-content\">\r\n      <div class=\"blog-text\">\r\n        <a href=\"https:\/\/themuxic.com\/en\/pahola-crowley-emociona-en-su-concierto-y-necesita-tu-apoyo-para-seguir-creando-musica\/\" onclick=\"incrementViews();\">\r\n          <div class=\"date\">18 Mar<\/div>\r\n          <div class=\"title\">Pahola Crowley emociona en su concierto y necesita tu apoyo para seguir creando m\u00fasica<\/div>\r\n          <div class=\"description\">\r\n            El pasado 28 de febrero, la talentosa artista Pahola Crowley subi\u00f3 al escenario en un concierto inolvidable que dej\u00f3 huella en todos los asistentes.\r\n          <\/div>\r\n        <\/a>\r\n      <\/div>\r\n      <div class=\"meta\">\r\n        <div class=\"meta-item\"><span id=\"views-1732\">0<\/span> visualizaciones<\/div>\r\n        <div class=\"meta-item\"><span id=\"comments-1732\">0<\/span> comentarios<\/div>\r\n        <div class=\"meta-item likes\" onclick=\"toggleLike(); event.stopPropagation();\">\r\n          <span id=\"likeCount-1732\">0<\/span>\r\n          <span id=\"heart-1732\" class=\"heart\">\u2661<\/span>\r\n        <\/div>\r\n      <\/div>\r\n    <\/div>\r\n  <\/div>\r\n\r\n  <script>\r\n    const postId = 1732;\r\n\r\n    \/\/ Actualiza las visualizaciones en el servidor y en el DOM\r\n    async function incrementViews() {\r\n      try {\r\n        const response = await fetch(`\/wp-json\/custom\/v1\/update-views`, {\r\n          method: 'POST',\r\n          headers: { 'Content-Type': 'application\/json' },\r\n          body: JSON.stringify({ post_id: postId })\r\n        });\r\n        const data = await response.json();\r\n        if (data && data.views !== undefined) {\r\n          document.getElementById(`views-${postId}`).innerText = data.views;\r\n        }\r\n      } catch (error) {\r\n        console.error('Error al actualizar las visualizaciones:', error);\r\n      }\r\n    }\r\n\r\n    \/\/ Alterna el estado de like en el servidor y en el DOM\r\n    async function toggleLike() {\r\n      try {\r\n        const heartEl = document.getElementById(`heart-${postId}`);\r\n        const isLiked = heartEl.classList.contains('liked');\r\n        const response = await fetch(`\/wp-json\/custom\/v1\/toggle-like`, {\r\n          method: 'POST',\r\n          headers: { 'Content-Type': 'application\/json' },\r\n          body: JSON.stringify({ post_id: postId, like: !isLiked })\r\n        });\r\n        const data = await response.json();\r\n\r\n        if (data && data.likes !== undefined) {\r\n          document.getElementById(`likeCount-${postId}`).innerText = data.likes;\r\n          if (!isLiked) {\r\n            heartEl.textContent = '\u2764\ufe0f';\r\n            heartEl.classList.add('liked');\r\n          } else {\r\n            heartEl.textContent = '\u2661';\r\n            heartEl.classList.remove('liked');\r\n          }\r\n        }\r\n      } catch (error) {\r\n        console.error('Error al alternar el estado de like:', error);\r\n      }\r\n    }\r\n\r\n    \/\/ Obtiene los datos iniciales del servidor\r\n    async function fetchPostData() {\r\n      try {\r\n        const response = await fetch(`\/wp-json\/custom\/v1\/post-data?post_id=${postId}`);\r\n        const data = await response.json();\r\n\r\n        if (data) {\r\n          document.getElementById(`views-${postId}`).innerText = data.views || 0;\r\n          document.getElementById(`comments-${postId}`).innerText = data.comments || 0;\r\n          document.getElementById(`likeCount-${postId}`).innerText = data.likes || 0;\r\n\r\n          if (data.isLiked) {\r\n            const heartEl = document.getElementById(`heart-${postId}`);\r\n            heartEl.textContent = '\u2764\ufe0f';\r\n            heartEl.classList.add('liked');\r\n          }\r\n        }\r\n      } catch (error) {\r\n        console.error('Error obteniendo los datos del post:', error);\r\n      }\r\n    }\r\n\r\n    \/\/ Inicializar datos al cargar la p\u00e1gina\r\n    window.addEventListener('load', fetchPostData);\r\n  <\/script>\r\n<\/body>\r\n<\/html>\t\t\t\t<\/div>\n\t\t\t\t<\/div>\n\t\t\t\t<div class=\"elementor-element elementor-element-1233381 elementor-widget elementor-widget-html\" data-id=\"1233381\" data-element_type=\"widget\" data-widget_type=\"html.default\">\n\t\t\t\t<div class=\"elementor-widget-container\">\n\t\t\t\t\t<script>\r\n  \/\/ Obtener el valor de las visualizaciones desde localStorage\r\n  let views = parseInt(localStorage.getItem(\"pahola-views\")) || 0;\r\n  \r\n  \/\/ Incrementa el contador de visualizaciones\r\n  views++;\r\n\r\n  \/\/ Guarda el nuevo valor de las visualizaciones en localStorage\r\n  localStorage.setItem(\"pahola-views\", views);\r\n  \r\n  \/\/ Muestra las visualizaciones en el sitio\r\n  document.addEventListener(\"DOMContentLoaded\", function() {\r\n    const viewsElement = document.getElementById(\"views\");\r\n    if (viewsElement) {\r\n      viewsElement.innerText = views;  \/\/ Muestra el n\u00famero de visualizaciones\r\n    }\r\n  });\r\n<\/script>\t\t\t\t<\/div>\n\t\t\t\t<\/div>\n\t\t\t\t\t<\/div>\n\t\t<\/div>\n\t\t\t\t\t<\/div>\n\t\t<\/section>\n\t\t\t\t<\/div>","protected":false},"excerpt":{"rendered":"<p>Todas las entradas Buscar Convocatoria de la reuni\u00f3n de la Junta General Extraordinaria de socios de la sociedad THE MUXIC EXCHANGE, S.L. 23 MARZO2026 Convocatoria de la reuni\u00f3n de la Junta General Extraordinaria de socios de la sociedad THE MUXIC EXCHANGE, S.L. 9 DE DICIEMBRE 2025 (YA REALIZADA) Convocatoria de la reuni\u00f3n de la Junta General Extraordinaria de socios de la sociedad THE MUXIC EXCHANGE, S.L. 19 DE NOVIEMBRE DE 2025 (YA REALIZADA) Convocatoria de la reuni\u00f3n de la Junta General Extraordinaria de socios de la sociedad THE MUXIC EXCHANGE, S.L. 4 DE NOVIEMBRE (YA REALIZADA) Convocatoria de la Junta General Extraordinaria de socios de la sociedad THE MUXIC EXCHANGE, S.L. 8 DE OCTUBRE (YA REALIZADA) NOTICIAS SOBRE LA JUNTA GENERAL EXTRAORDINARIA 5 DE SEPTIEMBRE (YA REALIZADA) Blog Pahola Crowley 18 Mar Pahola Crowley emociona en su concierto y necesita tu apoyo para seguir creando m\u00fasica El pasado 28 de febrero, la talentosa artista Pahola Crowley subi\u00f3 al escenario en un concierto inolvidable que dej\u00f3 huella en todos los asistentes. 0 visualizaciones 0 comentarios 0 \u2661<\/p>","protected":false},"author":1,"featured_media":0,"parent":0,"menu_order":0,"comment_status":"closed","ping_status":"closed","template":"elementor_header_footer","meta":{"footnotes":""},"class_list":["post-1713","page","type-page","status-publish","hentry"],"blocksy_meta":[],"aioseo_notices":[],"_links":{"self":[{"href":"https:\/\/themuxic.com\/en\/wp-json\/wp\/v2\/pages\/1713","targetHints":{"allow":["GET"]}}],"collection":[{"href":"https:\/\/themuxic.com\/en\/wp-json\/wp\/v2\/pages"}],"about":[{"href":"https:\/\/themuxic.com\/en\/wp-json\/wp\/v2\/types\/page"}],"author":[{"embeddable":true,"href":"https:\/\/themuxic.com\/en\/wp-json\/wp\/v2\/users\/1"}],"replies":[{"embeddable":true,"href":"https:\/\/themuxic.com\/en\/wp-json\/wp\/v2\/comments?post=1713"}],"version-history":[{"count":157,"href":"https:\/\/themuxic.com\/en\/wp-json\/wp\/v2\/pages\/1713\/revisions"}],"predecessor-version":[{"id":1994,"href":"https:\/\/themuxic.com\/en\/wp-json\/wp\/v2\/pages\/1713\/revisions\/1994"}],"wp:attachment":[{"href":"https:\/\/themuxic.com\/en\/wp-json\/wp\/v2\/media?parent=1713"}],"curies":[{"name":"wp","href":"https:\/\/api.w.org\/{rel}","templated":true}]}}